{"id":122,"date":"2021-03-18T08:48:21","date_gmt":"2021-03-18T07:48:21","guid":{"rendered":"http:\/\/www.themes.red-sun-design.com\/soundboard\/?page_id=122"},"modified":"2021-05-22T12:16:21","modified_gmt":"2021-05-22T11:16:21","slug":"wctag-hilft","status":"publish","type":"page","link":"https:\/\/spiritoflaodan.com\/?page_id=122","title":{"rendered":"Charity Aspect"},"content":{"rendered":"\n<div class=\"wp-block-columns is-layout-flex wp-container-core-columns-is-layout-9d6595d7 wp-block-columns-is-layout-flex\"><\/div>\n\n\n\n<div class=\"wp-block-media-text alignwide has-media-on-the-right is-stacked-on-mobile\"><figure class=\"wp-block-media-text__media\"><img decoding=\"async\" src=\"https:\/\/spiritoflaodan.com\/wp-content\/uploads\/2021\/03\/WCTAG-hilft-LOGO.jpg\" alt=\"\" class=\"wp-image-1511 size-full\"\/><\/figure><div class=\"wp-block-media-text__content\">\n<h2 class=\"wp-block-heading\">WCTAG-hilft\u2026<\/h2>\n\n\n\n<p>&nbsp;&#8230; is a non-profit and charitable aid organization based in Hamburg. As a registered association, we have been supporting selected children&#8217;s aid projects in Sri Lanka, Brazil and Germany since December 2009.<\/p>\n<\/div><\/div>\n\n\n\n<p>We work internationally, politically independent and non-denominational.<br>The great social commitment of many students and teachers of the Taiji Association WCTAG was the basis for the foundation of our association WCTAG helps in 2009.<\/p>\n\n\n\n<h3 class=\"wp-block-heading\">PRINCIPLES:<\/h3>\n\n\n\n<h3 class=\"wp-block-heading\">Integration<\/h3>\n\n\n\n<p>Our projects help children and young people to integrate into public schools and society. We teach them skills such as foreign languages that make their entry into the professional world easier<\/p>\n\n\n\n<p><strong>Helping people help themselves<br><\/strong>We focus on school and vocational training for children and young people. Through therapeutic care, support in school education and by imparting social skills and values, we help them to master their everyday life better and to become independent responsible citizens in the future.<\/p>\n\n\n\n<p><strong>Supporting body and mind<br><\/strong>For us, in addition to general education, education means above all the teaching of humanitarian values, the development of self-esteem and self-confidence as well as the promotion of ecological awareness. Through environmental projects, cooking classes and sporting and artistic activities, the children learn important skills and develop their personality.<\/p>\n\n\n\n<h3 class=\"wp-block-heading\">PROJECTS:<\/h3>\n\n\n\n<h3 class=\"wp-block-heading\"><strong>Children&#8217;s Island<\/strong><\/h3>\n\n\n\n<div class=\"wp-block-media-text alignwide is-stacked-on-mobile is-vertically-aligned-top\"><figure class=\"wp-block-media-text__media\"><img loading=\"lazy\" decoding=\"async\" width=\"1024\" height=\"683\" src=\"https:\/\/spiritoflaodan.com\/wp-content\/uploads\/2021\/03\/InselderKinder-1024x683.jpg\" alt=\"Insel der Kinder\" class=\"wp-image-1536 size-large\" srcset=\"https:\/\/spiritoflaodan.com\/wp-content\/uploads\/2021\/03\/InselderKinder-1024x683.jpg 1024w, https:\/\/spiritoflaodan.com\/wp-content\/uploads\/2021\/03\/InselderKinder-300x200.jpg 300w, https:\/\/spiritoflaodan.com\/wp-content\/uploads\/2021\/03\/InselderKinder-600x400.jpg 600w, https:\/\/spiritoflaodan.com\/wp-content\/uploads\/2021\/03\/InselderKinder-768x512.jpg 768w, https:\/\/spiritoflaodan.com\/wp-content\/uploads\/2021\/03\/InselderKinder-900x600.jpg 900w, https:\/\/spiritoflaodan.com\/wp-content\/uploads\/2021\/03\/InselderKinder-400x267.jpg 400w, https:\/\/spiritoflaodan.com\/wp-content\/uploads\/2021\/03\/InselderKinder.jpg 1200w\" sizes=\"auto, (max-width: 1024px) 100vw, 1024px\" \/><\/figure><div class=\"wp-block-media-text__content\">\n<p class=\"has-normal-font-size\">Children&#8217;s Island is located on the island of Itaparica near the metropolis of Salvador.<br>The facility has study, dining and common rooms as well as bedrooms for the volunteers and some employees.<br>The Children&#8217;s Island is currently a second home for 137 children and adolescents aged 5 to 16 years.<br>Here they get balanced meals every day and are lovingly looked after by educators and psychologists.<br>In addition to targeted learning opportunities such as literacy and English, lectures and discussions on topics such as violence, drugs and education help children to deal with their difficult everyday lives and problems. In addition, they take part in various sporting, artistic and cultural activities.<br>The children&#8217;s island offers a safe environment in which the children can &#8216;be children&#8217; again. Over time, they manage to cope with traumatic experiences.<\/p>\n<\/div><\/div>\n\n\n\n<h3 class=\"wp-block-heading\">Kids Welcome \u2013 for refugee children in Hamburg<\/h3>\n\n\n\n<p>We have been supporting the voluntary Kids Welcome initiative since 2016. This helps refugee children and adolescents in 12 Hamburg first-time accommodations with play and integration offers. We collect donations in kind and money. Our managing director Ulrike Kramer is part of the Kids Welcome organization team and heads the Shiny Teeth project, a toothbrush school for refugee children.<br>With a permanent team of around 100 volunteers and seven volunteer organizers, we create protected, child-friendly rooms.<br>We give children time, attention and appreciation. We are filling an acute supply gap in government care.<\/p>\n\n\n\n<h3 class=\"wp-block-heading\">Monk School<\/h3>\n\n\n\n<p>We support the young novices of a monastic school in the south of Sri Lanka. The monastery offers 50 monks children shelter, protection and good schooling as well as access to Buddhist teaching. The school is located in Saliyapura, Tissamaharama (approx. 250 km from Colombo) and is a place where homeless and needy children find a new home.<br>The school was founded in 1998 and currently houses 50 children between the ages of 5 and 18. Some are orphans, others have been placed there by their families because they are unable to care for the children themselves.<br>In addition to general school education, the children study Buddhism and learn ancient historical languages such as Sanskrit or Pali. The monastery offers a constant livelihood and educational opportunity and above all grants them security and protection.<\/p>\n\n\n\n<h3 class=\"wp-block-heading\"><strong>Sponsorships in Sri Lanka<\/strong><\/h3>\n\n\n\n<p>In Sri Lanka, the 2004 tsunami caused many families to lose their family members and livelihoods. Since the tragic accident, WCTAG has been running its own children&#8217;s aid project to combat poverty and need.<\/p>\n\n\n\n<p>_______________________________________________________________<\/p>\n\n\n\n<h3 class=\"wp-block-heading\">WCTAG hilft e.V.<\/h3>\n\n\n\n<p>Vereinsregisternummer: VR 20586<br>Zust\u00e4ndiges Gericht: Amtsgericht Hamburg<br>Steuernummer: 17\/452\/12340<br><br>I. Vorstandsvorsitzender: Jan Silberstorff<br>Gesch\u00e4ftsf\u00fchrer: Holger R\u00f6bel<\/p>\n\n\n\n<p>______________________________________<\/p>\n\n\n\n<p>(+49) 40 3194 224<\/p>\n\n\n\n<p>20359 Hamburg, Germany<br>Rendsburger Str. 14<br>www.wctag-hilft.de<\/p>\n\n\n\n<p>info@wctag-hilft.de<\/p>\n","protected":false},"excerpt":{"rendered":"<p>WCTAG-hilft\u2026 &nbsp;&#8230; is a non-profit and charitable aid organization based in Hamburg. As a registered association, we have been supporting selected children&#8217;s aid projects in Sri Lanka, Brazil and Germany&#8230;<\/p>\n","protected":false},"author":1,"featured_media":0,"parent":0,"menu_order":0,"comment_status":"open","ping_status":"closed","template":"template-fullwidth.php","meta":{"footnotes":""},"class_list":["post-122","page","type-page","status-publish","hentry"],"_links":{"self":[{"href":"https:\/\/spiritoflaodan.com\/index.php?rest_route=\/wp\/v2\/pages\/122","targetHints":{"allow":["GET"]}}],"collection":[{"href":"https:\/\/spiritoflaodan.com\/index.php?rest_route=\/wp\/v2\/pages"}],"about":[{"href":"https:\/\/spiritoflaodan.com\/index.php?rest_route=\/wp\/v2\/types\/page"}],"author":[{"embeddable":true,"href":"https:\/\/spiritoflaodan.com\/index.php?rest_route=\/wp\/v2\/users\/1"}],"replies":[{"embeddable":true,"href":"https:\/\/spiritoflaodan.com\/index.php?rest_route=%2Fwp%2Fv2%2Fcomments&post=122"}],"version-history":[{"count":26,"href":"https:\/\/spiritoflaodan.com\/index.php?rest_route=\/wp\/v2\/pages\/122\/revisions"}],"predecessor-version":[{"id":1709,"href":"https:\/\/spiritoflaodan.com\/index.php?rest_route=\/wp\/v2\/pages\/122\/revisions\/1709"}],"wp:attachment":[{"href":"https:\/\/spiritoflaodan.com\/index.php?rest_route=%2Fwp%2Fv2%2Fmedia&parent=122"}],"curies":[{"name":"wp","href":"https:\/\/api.w.org\/{rel}","templated":true}]}}